{"id":128,"date":"2018-12-06T14:54:06","date_gmt":"2018-12-06T14:54:06","guid":{"rendered":"https:\/\/dri.parisnanterre.fr\/spel\/?page_id=128"},"modified":"2018-12-17T10:04:57","modified_gmt":"2018-12-17T10:04:57","slug":"formation-microsoft-onedrive","status":"publish","type":"page","link":"https:\/\/dri.parisnanterre.fr\/spel\/15-2\/microsoft-office-365\/formation-microsoft-onedrive\/","title":{"rendered":"Formation Microsoft oneDrive"},"content":{"rendered":"<section class=\"ocpArticleTitleSection\">\n<h1>Vid\u00e9o de formation Onedrive<\/h1>\n<p>l&rsquo;utilisation de one drive peut \u00eatre diff\u00e9rente selon la nature de vos activit\u00e9s<\/p>\n<\/section>\n<article id=\"ocpArticleContent\" class=\"ocpArticleContent\">\n<section class=\"ocpSection\">\n<h2>Stocker ses fichiers pour un usage personnel<\/h2>\n<table>\n<tbody>\n<tr>\n<td><a href=\"https:\/\/support.office.com\/fr-fr\/article\/a5710114-6aeb-4bf5-a336-dffa7cc0b77a?wt.mc_id=otc_onedrive\" target=\"_blank\" rel=\"noopener\"><img loading=\"lazy\" decoding=\"async\" class=\"aligncenter size-full wp-image-106\" src=\"https:\/\/dri.parisnanterre.fr\/spel\/wp-content\/uploads\/2018\/12\/demarrage_rapide.png\" alt=\"\" width=\"150\" height=\"104\" \/><\/a><\/p>\n<p style=\"text-align: center;\"><a href=\"https:\/\/support.office.com\/fr-fr\/article\/a5710114-6aeb-4bf5-a336-dffa7cc0b77a?wt.mc_id=otc_onedrive\" target=\"_blank\" rel=\"noopener\">D\u00e9marrage rapide<\/a><\/p>\n<\/td>\n<td><a href=\"https:\/\/support.office.com\/fr-fr\/article\/a7707a86-7a07-4147-839a-40928b7f1d2c?wt.mc_id=otc_onedrive\" target=\"_blank\" rel=\"noopener\"><img loading=\"lazy\" decoding=\"async\" class=\"aligncenter wp-image-109 size-full\" src=\"https:\/\/dri.parisnanterre.fr\/spel\/wp-content\/uploads\/2018\/12\/presentations_teams.png\" alt=\"\" width=\"150\" height=\"104\" \/><\/a><\/p>\n<p style=\"text-align: center;\"><a href=\"https:\/\/support.office.com\/fr-fr\/article\/a7707a86-7a07-4147-839a-40928b7f1d2c?wt.mc_id=otc_onedrive\" target=\"_blank\" rel=\"noopener\">Pr\u00e9sentation de OneDrive<\/a><\/p>\n<\/td>\n<td><a href=\"https:\/\/support.office.com\/fr-fr\/article\/7f630d4a-0af2-40f9-a32a-de5f149eb1de?wt.mc_id=otc_onedrive\" target=\"_blank\" rel=\"noopener\"><img loading=\"lazy\" decoding=\"async\" class=\"aligncenter wp-image-113 size-full\" src=\"https:\/\/dri.parisnanterre.fr\/spel\/wp-content\/uploads\/2018\/12\/conversations.png\" alt=\"\" width=\"150\" height=\"104\" \/><\/a><\/p>\n<p style=\"text-align: center;\"><a href=\"https:\/\/support.office.com\/fr-fr\/article\/7f630d4a-0af2-40f9-a32a-de5f149eb1de?wt.mc_id=otc_onedrive\" target=\"_blank\" rel=\"noopener\">G\u00e9rer vos fichiers<\/a><\/p>\n<\/td>\n<td><a href=\"https:\/\/support.office.com\/fr-fr\/article\/3fcefa26-1371-401e-8c04-589de81ed5eb?wt.mc_id=otc_onedrive\" target=\"_blank\" rel=\"noopener\"><img loading=\"lazy\" decoding=\"async\" class=\"aligncenter wp-image-111 size-full\" src=\"https:\/\/dri.parisnanterre.fr\/spel\/wp-content\/uploads\/2018\/12\/collaboration.png\" alt=\"\" width=\"150\" height=\"104\" \/><\/a><\/p>\n<p style=\"text-align: center;\"><a href=\"https:\/\/support.office.com\/fr-fr\/article\/3fcefa26-1371-401e-8c04-589de81ed5eb?wt.mc_id=otc_onedrive\" target=\"_blank\" rel=\"noopener\">Partager et synchroniser<\/a><\/p>\n<\/td>\n<\/tr>\n<\/tbody>\n<\/table>\n<\/section>\n<section class=\"ocpSection\">\n<h2>Stocker ses fichiers pour un usage professionnel ou p\u00e9dagogique<\/h2>\n<table>\n<tbody>\n<tr>\n<td><a href=\"https:\/\/support.office.com\/fr-fr\/article\/a1397e56-61ec-4ed2-9dac-727bf8ac3357?wt.mc_id=otc_onedrive\" target=\"_blank\" rel=\"noopener\"><img loading=\"lazy\" decoding=\"async\" class=\"aligncenter size-full wp-image-106\" src=\"https:\/\/dri.parisnanterre.fr\/spel\/wp-content\/uploads\/2018\/12\/demarrage_rapide.png\" alt=\"\" width=\"150\" height=\"104\" \/><\/a><\/p>\n<p style=\"text-align: center;\"><a href=\"https:\/\/support.office.com\/fr-fr\/article\/a1397e56-61ec-4ed2-9dac-727bf8ac3357?wt.mc_id=otc_onedrive\" target=\"_blank\" rel=\"noopener\">D\u00e9marrage rapide<\/a><\/p>\n<\/td>\n<td><a href=\"https:\/\/support.office.com\/fr-fr\/article\/10f5c3fd-b0f6-40e2-9059-04735ffe01b7?wt.mc_id=otc_onedrive\" target=\"_blank\" rel=\"noopener\"><img loading=\"lazy\" decoding=\"async\" class=\"aligncenter wp-image-109 size-full\" src=\"https:\/\/dri.parisnanterre.fr\/spel\/wp-content\/uploads\/2018\/12\/presentations_teams.png\" alt=\"\" width=\"150\" height=\"104\" \/><\/a><\/p>\n<p style=\"text-align: center;\"><a href=\"https:\/\/support.office.com\/fr-fr\/article\/10f5c3fd-b0f6-40e2-9059-04735ffe01b7?wt.mc_id=otc_onedrive\" target=\"_blank\" rel=\"noopener\">Pr\u00e9sentation de OneDrive<\/a><\/p>\n<\/td>\n<td><a href=\"https:\/\/support.office.com\/fr-fr\/article\/5bd927ad-d186-495c-93e8-7ca116fe7b83?wt.mc_id=otc_onedrive\" target=\"_blank\" rel=\"noopener\"><img loading=\"lazy\" decoding=\"async\" class=\"aligncenter wp-image-113 size-full\" src=\"https:\/\/dri.parisnanterre.fr\/spel\/wp-content\/uploads\/2018\/12\/conversations.png\" alt=\"\" width=\"150\" height=\"104\" \/><\/a><\/p>\n<p style=\"text-align: center;\"><a href=\"https:\/\/support.office.com\/fr-fr\/article\/5bd927ad-d186-495c-93e8-7ca116fe7b83?wt.mc_id=otc_onedrive\" target=\"_blank\" rel=\"noopener\">G\u00e9rer vos fichiers<\/a><\/p>\n<\/td>\n<td><a href=\"https:\/\/support.office.com\/fr-fr\/article\/72f26d6c-bf9e-432c-8b96-e3c2437f5b65?wt.mc_id=otc_onedrive\" target=\"_blank\" rel=\"noopener\"><img loading=\"lazy\" decoding=\"async\" class=\"aligncenter wp-image-111 size-full\" src=\"https:\/\/dri.parisnanterre.fr\/spel\/wp-content\/uploads\/2018\/12\/collaboration.png\" alt=\"\" width=\"150\" height=\"104\" \/><\/a><\/p>\n<p style=\"text-align: center;\"><a href=\"https:\/\/support.office.com\/fr-fr\/article\/72f26d6c-bf9e-432c-8b96-e3c2437f5b65?wt.mc_id=otc_onedrive\" target=\"_blank\" rel=\"noopener\">Partager et synchroniser<\/a><\/p>\n<\/td>\n<\/tr>\n<\/tbody>\n<\/table>\n<\/section>\n<section class=\"ocpSection\">\n<div class=\"supARG\">\n<div class=\"supARG-row\">\n<div class=\"supARG-column-1-3\">\n<section class=\"ocpSection\">\n<p style=\"text-align: right;\"><a href=\"https:\/\/support.office.com\/fr-fr\/article\/g%C3%A9rer-votre-espace-de-stockage-onedrive-entreprise-31519161-059c-4764-b6f8-f5cd29f7fe68\" target=\"_blank\" rel=\"noopener\">Conna\u00eetre son espace disponible sur OneDrive<\/a><\/p>\n<h3>Rubriques propos\u00e9es<\/h3>\n<p><a class=\"ocpArticleLink\" href=\"https:\/\/support.office.com\/fr-fr\/article\/pourquoi-utiliser-onedrive-pour-stocker-vos-documents-e55c4fa8-1e03-4d75-956b-924620bdfa2d?wt.mc_id=otc_onedrive\">Pourquoi utiliser OneDrive pour stocker vos documents\u00a0?<\/a><\/p>\n<p><a class=\"ocpArticleLink\" href=\"https:\/\/support.office.com\/fr-fr\/article\/utiliser-onedrive-sur-windows-10-pc-t%C3%A9l%C3%A9phone-tablette-hololens-ou-surface-hub-d7bed7f0-4f5a-4b42-a3a8-a3e5bb4485fe?wt.mc_id=otc_onedrive\">Utiliser OneDrive sur Windows\u00a010<\/a><\/p>\n<p><a class=\"ocpExternalLink\" href=\"https:\/\/onedrive.live.com\/about\/download\/\" target=\"_blank\" rel=\"noopener\">T\u00e9l\u00e9charger OneDrive<\/a><\/p>\n<\/section>\n<\/div>\n<div class=\"supARG-column-1-3\">\n<section class=\"ocpSection\">\n<h3>Aide suppl\u00e9mentaire<\/h3>\n<p><a class=\"ocpExternalLink\" href=\"https:\/\/support.office.com\/OneDrive\" target=\"_blank\" rel=\"noopener\">Centre d\u2019aide de OneDrive<\/a><\/p>\n<p><a class=\"ocpExternalLink\" href=\"https:\/\/go.microsoft.com\/fwlink\/p\/?LinkId=528676\" target=\"_blank\" rel=\"noopener\">Envoyez-nous un courrier<\/a><\/p>\n<p><a class=\"ocpExternalLink\" href=\"https:\/\/learning.linkedin.com\/in\/office?trk=par_acq_MSFThelp-onedrive-tc-categorypage-link-link-link_learning&amp;src=mi-inprod&amp;veh=office-help&amp;utm_source=microsoft&amp;utm_medium=help-integration&amp;utm_campaign=par_acq_MSFThelp-onedrive-tc-categorypage-link-link-link_learning\" target=\"_blank\" rel=\"noopener\">Essai gratuit de LinkedIn Learning<\/a><\/p>\n<\/section>\n<\/div>\n<div class=\"supARG-column-1-3\">\n<section class=\"ocpSection\">\n<h3>Sur t\u00e9l\u00e9phone portable<\/h3>\n<p><a class=\"ocpArticleLink\" href=\"https:\/\/support.office.com\/fr-fr\/article\/utiliser-onedrive-sur-android-eee1d31c-792d-41d4-8132-f9621b39eb36?wt.mc_id=otc_onedrive\">Android<\/a><\/p>\n<p><a class=\"ocpArticleLink\" href=\"https:\/\/support.office.com\/fr-fr\/article\/utiliser-onedrive-sur-ios-08d5c5b2-ccc6-40eb-a244-fe3597a3c247?wt.mc_id=otc_onedrive\">iOS<\/a><\/p>\n<p><a class=\"ocpArticleLink\" href=\"https:\/\/support.office.com\/fr-fr\/article\/utiliser-onedrive-sur-windows-phone-6d8496dd-7e1e-44fa-8dc8-b8cf6ef6a1a9?wt.mc_id=otc_onedrive\">Windows\u00a0Phone<\/a><\/p>\n<\/section>\n<\/div>\n<\/div>\n<\/div>\n<\/section>\n<\/article>\n","protected":false},"excerpt":{"rendered":"<p>Vid\u00e9o de formation Onedrive l&rsquo;utilisation de one drive peut \u00eatre diff\u00e9rente selon la nature de vos activit\u00e9s Stocker ses fichiers &hellip; <a href=\"https:\/\/dri.parisnanterre.fr\/spel\/15-2\/microsoft-office-365\/formation-microsoft-onedrive\/\">Lire la suite<\/a><\/p>\n","protected":false},"author":1,"featured_media":132,"parent":62,"menu_order":30,"comment_status":"closed","ping_status":"closed","template":"","meta":{"kt_blocks_editor_width":"","_kad_blocks_custom_css":"","_kad_blocks_head_custom_js":"","_kad_blocks_body_custom_js":"","_kad_blocks_footer_custom_js":"","footnotes":""},"class_list":["post-128","page","type-page","status-publish","has-post-thumbnail","hentry"],"taxonomy_info":[],"featured_image_src_large":["https:\/\/dri.parisnanterre.fr\/spel\/wp-content\/uploads\/2018\/12\/microsoft_365i_oneDrive.png",487,358,false],"author_info":{"display_name":"admin","author_link":"https:\/\/dri.parisnanterre.fr\/spel\/author\/scarella\/"},"comment_info":0,"_links":{"self":[{"href":"https:\/\/dri.parisnanterre.fr\/spel\/wp-json\/wp\/v2\/pages\/128","targetHints":{"allow":["GET"]}}],"collection":[{"href":"https:\/\/dri.parisnanterre.fr\/spel\/wp-json\/wp\/v2\/pages"}],"about":[{"href":"https:\/\/dri.parisnanterre.fr\/spel\/wp-json\/wp\/v2\/types\/page"}],"author":[{"embeddable":true,"href":"https:\/\/dri.parisnanterre.fr\/spel\/wp-json\/wp\/v2\/users\/1"}],"replies":[{"embeddable":true,"href":"https:\/\/dri.parisnanterre.fr\/spel\/wp-json\/wp\/v2\/comments?post=128"}],"version-history":[{"count":13,"href":"https:\/\/dri.parisnanterre.fr\/spel\/wp-json\/wp\/v2\/pages\/128\/revisions"}],"predecessor-version":[{"id":361,"href":"https:\/\/dri.parisnanterre.fr\/spel\/wp-json\/wp\/v2\/pages\/128\/revisions\/361"}],"up":[{"embeddable":true,"href":"https:\/\/dri.parisnanterre.fr\/spel\/wp-json\/wp\/v2\/pages\/62"}],"wp:featuredmedia":[{"embeddable":true,"href":"https:\/\/dri.parisnanterre.fr\/spel\/wp-json\/wp\/v2\/media\/132"}],"wp:attachment":[{"href":"https:\/\/dri.parisnanterre.fr\/spel\/wp-json\/wp\/v2\/media?parent=128"}],"curies":[{"name":"wp","href":"https:\/\/api.w.org\/{rel}","templated":true}]}}