{"id":266,"date":"2018-12-07T12:41:44","date_gmt":"2018-12-07T12:41:44","guid":{"rendered":"https:\/\/dri.parisnanterre.fr\/spel\/?page_id=266"},"modified":"2018-12-17T09:58:58","modified_gmt":"2018-12-17T09:58:58","slug":"formation-onenote","status":"publish","type":"page","link":"https:\/\/dri.parisnanterre.fr\/spel\/15-2\/microsoft-office-365\/formation-onenote\/","title":{"rendered":"Formation OneNote"},"content":{"rendered":"\n<h2 class=\"wp-block-heading\">Cr\u00e9er son bloc-notes, seul ou \u00e0 plusieurs, organiser ses notes et les partager avec ses \u00e9tudiants ou son \u00e9quipe<\/h2>\n\n\n<table>\n<tbody>\n<tr>\n<td style=\"text-align: center;\"><a href=\"https:\/\/support.office.com\/fr-fr\/article\/cr%C3%A9er-un-bloc-notes-dans-onenote-6be33cf9-f7c3-4421-9d74-469a259952d3?wt.mc_id=otc_onenote\" target=\"_blank\" rel=\"noopener\"><img loading=\"lazy\" decoding=\"async\" class=\"aligncenter size-full wp-image-282\" src=\"https:\/\/dri.parisnanterre.fr\/spel\/wp-content\/uploads\/2018\/12\/priseenmain.png\" alt=\"\" width=\"150\" height=\"104\">Prise en main<\/a><\/td>\n<td style=\"text-align: center;\"><a href=\"https:\/\/support.office.com\/fr-fr\/article\/vid%C3%A9o-prendre-des-notes-dans-onenote-d3185d6e-1d35-4665-9849-d1013339052b?wt.mc_id=otc_onenote\" target=\"_blank\" rel=\"noopener\"><img loading=\"lazy\" decoding=\"async\" class=\" aligncenter size-full wp-image-288\" src=\"https:\/\/dri.parisnanterre.fr\/spel\/wp-content\/uploads\/2018\/12\/prendrenotes.png\" alt=\"\" width=\"150\" height=\"104\">Prendre des notes<\/a><\/td>\n<td style=\"text-align: center;\"><a href=\"https:\/\/support.office.com\/fr-fr\/article\/vid%C3%A9o-mettre-en-forme-des-notes-801b5fd4-b2e2-46f7-a682-e3dcf281cfcf?wt.mc_id=otc_onenote\" target=\"_blank\" rel=\"noopener\"> <img loading=\"lazy\" decoding=\"async\" class=\"aligncenter size-full wp-image-292\" src=\"https:\/\/dri.parisnanterre.fr\/spel\/wp-content\/uploads\/2018\/12\/mettreforme.png\" alt=\"\" width=\"150\" height=\"104\">Mettre en forme les notes<\/a><\/td>\n<td style=\"text-align: center;\"><a href=\"https:\/\/support.office.com\/fr-fr\/article\/vid%C3%A9o-ajouter-des-dessins-et-des-croquis-dans-onenote-e5d9e43e-96a0-442a-85e9-298e029aa76c?wt.mc_id=otc_onenote\" target=\"_blank\" rel=\"noopener\"><img loading=\"lazy\" decoding=\"async\" class=\"aligncenter size-full wp-image-292\" src=\"https:\/\/dri.parisnanterre.fr\/spel\/wp-content\/uploads\/2018\/12\/ajoutedessins.png\" alt=\"\" width=\"150\" height=\"104\">Ajouter des dessins et des croquis<\/a><\/td>\n<\/tr>\n<tr>\n<td style=\"text-align: center;\"><a href=\"https:\/\/support.office.com\/fr-fr\/article\/vid%C3%A9o-rechercher-des-notes-38dd270a-a7ef-4542-8e14-5af7aebb7fd7?wt.mc_id=otc_onenote\" target=\"_blank\" rel=\"noopener\"><img loading=\"lazy\" decoding=\"async\" class=\"aligncenter size-full wp-image-297\" src=\"https:\/\/dri.parisnanterre.fr\/spel\/wp-content\/uploads\/2018\/12\/resterorganise.png\" alt=\"\" width=\"150\" height=\"104\">Rester organis\u00e9<\/a><\/td>\n<td style=\"text-align: center;\"><a href=\"https:\/\/support.office.com\/fr-fr\/article\/vid%C3%A9o-rechercher-des-notes-38dd270a-a7ef-4542-8e14-5af7aebb7fd7?wt.mc_id=otc_onenote\" target=\"_blank\" rel=\"noopener\"><img loading=\"lazy\" decoding=\"async\" class=\"aligncenter size-full wp-image-300\" src=\"https:\/\/dri.parisnanterre.fr\/spel\/wp-content\/uploads\/2018\/12\/partager.png\" alt=\"\" width=\"150\" height=\"104\">Partager et synchroniser<\/a><\/td>\n<td style=\"text-align: center;\"><a href=\"https:\/\/support.office.com\/fr-fr\/article\/vid%C3%A9o-onenote-sur-ios-c75f5b31-cf16-425b-88ab-91cacd19ab20?wt.mc_id=otc_onenote\" target=\"_blank\" rel=\"noopener\"><img loading=\"lazy\" decoding=\"async\" class=\"aligncenter size-full wp-image-303\" src=\"https:\/\/dri.parisnanterre.fr\/spel\/wp-content\/uploads\/2018\/12\/onmobile.png\" alt=\"\" width=\"150\" height=\"104\">OneNote sur les appareils mobiles<\/a><\/td>\n<td>&nbsp;<\/td>\n<\/tr>\n<\/tbody>\n<\/table>\n\n\n<h2 class=\"wp-block-heading\"><\/h2>\n\n\n\n<h3 class=\"wp-block-heading\">Autres formations<\/h3>\n\n\n\n<p><a href=\"https:\/\/support.office.com\/fr-fr\/article\/didacticiels-et-vid%C3%A9os-sur-onenote-2013-f9ba9d15-91c4-4a7e-81a8-88d728c410c2?wt.mc_id=otc_onenote\">Formation sur OneNote&nbsp;2013<\/a><\/p>\n\n\n\n<p><a href=\"https:\/\/learning.linkedin.com\/fr-fr\/office?trk=par_acq_MSFThelp-office-tc-coursemodule-link-link-link_learning&amp;src=mi-inprod&amp;veh=general-office-help&amp;utm_source=microsoft&amp;utm_medium=help-integration&amp;utm_campaign=par_acq_MSFThelp-office-tc-coursemodule-link-link-link_learning\" target=\"_blank\" rel=\"noreferrer noopener\">Essai gratuit de LinkedIn Learning<\/a><\/p>\n\n\n\n<h3 class=\"wp-block-heading\">Aide suppl\u00e9mentaire<\/h3>\n\n\n\n<p><a href=\"https:\/\/support.office.com\/OneNote?wt.mc_id=otc_onenote\" target=\"_blank\" rel=\"noreferrer noopener\">Aide sur OneNote<\/a><\/p>\n\n\n\n<p><a href=\"https:\/\/support.office.com\/fr-fr\/article\/t%C3%A2ches-de-base-dans-onenote-pour-windows-10-081573f8-2e8f-45e5-bf16-0900d4d3331f?wt.mc_id=otc_onenote\">T\u00e2ches de base<\/a><\/p>\n\n\n\n<p><a href=\"https:\/\/support.office.com\/fr-fr\/article\/raccourcis-clavier-dans-onenote-pour-windows-10-1b57578a-b72e-467a-b38d-266363fe73b0\">Raccourcis clavier<\/a><\/p>\n\n\n\n<h3 class=\"wp-block-heading\">Autres appareils<\/h3>\n\n\n\n<p><a href=\"https:\/\/support.office.com\/fr-fr\/article\/onenote-pour-mac-4cc04128-ca22-4f55-a496-cd3ff93e37db?wt.mc_id=otc_onenote\">OneNote pour Mac<\/a><\/p>\n\n\n\n<p><a href=\"https:\/\/support.office.com\/fr-fr\/article\/microsoft-onenote-help-ipad-f44e5bcd-5203-4553-9de4-0c56e6500825?wt.mc_id=otc_onenote\">OneNote pour iPad<\/a><\/p>\n\n\n\n<p><a href=\"https:\/\/support.office.com\/fr-fr\/article\/onenote-pour-iphone-b93a0ea8-1285-4d31-a7c5-86a849731902?wt.mc_id=otc_onenote\">OneNote pour iPhone<\/a><\/p>\n\n\n\n<p><a href=\"https:\/\/support.office.com\/fr-fr\/article\/microsoft-onenote-pour-android-46b4b49d-2bef-4746-9c30-6abb5e20b688?wt.mc_id=otc_onenote\">OneNote pour Android<\/a><\/p>\n\n\n\n<p><\/p>\n","protected":false},"excerpt":{"rendered":"<p>Cr\u00e9er son bloc-notes, seul ou \u00e0 plusieurs, organiser ses notes et les partager avec ses \u00e9tudiants ou son \u00e9quipe Prise &hellip; <a href=\"https:\/\/dri.parisnanterre.fr\/spel\/15-2\/microsoft-office-365\/formation-onenote\/\">Lire la suite<\/a><\/p>\n","protected":false},"author":1,"featured_media":0,"parent":62,"menu_order":40,"comment_status":"closed","ping_status":"closed","template":"","meta":{"kt_blocks_editor_width":"","_kad_blocks_custom_css":"","_kad_blocks_head_custom_js":"","_kad_blocks_body_custom_js":"","_kad_blocks_footer_custom_js":"","footnotes":""},"class_list":["post-266","page","type-page","status-publish","hentry"],"taxonomy_info":[],"featured_image_src_large":false,"author_info":{"display_name":"admin","author_link":"https:\/\/dri.parisnanterre.fr\/spel\/author\/scarella\/"},"comment_info":0,"_links":{"self":[{"href":"https:\/\/dri.parisnanterre.fr\/spel\/wp-json\/wp\/v2\/pages\/266","targetHints":{"allow":["GET"]}}],"collection":[{"href":"https:\/\/dri.parisnanterre.fr\/spel\/wp-json\/wp\/v2\/pages"}],"about":[{"href":"https:\/\/dri.parisnanterre.fr\/spel\/wp-json\/wp\/v2\/types\/page"}],"author":[{"embeddable":true,"href":"https:\/\/dri.parisnanterre.fr\/spel\/wp-json\/wp\/v2\/users\/1"}],"replies":[{"embeddable":true,"href":"https:\/\/dri.parisnanterre.fr\/spel\/wp-json\/wp\/v2\/comments?post=266"}],"version-history":[{"count":22,"href":"https:\/\/dri.parisnanterre.fr\/spel\/wp-json\/wp\/v2\/pages\/266\/revisions"}],"predecessor-version":[{"id":359,"href":"https:\/\/dri.parisnanterre.fr\/spel\/wp-json\/wp\/v2\/pages\/266\/revisions\/359"}],"up":[{"embeddable":true,"href":"https:\/\/dri.parisnanterre.fr\/spel\/wp-json\/wp\/v2\/pages\/62"}],"wp:attachment":[{"href":"https:\/\/dri.parisnanterre.fr\/spel\/wp-json\/wp\/v2\/media?parent=266"}],"curies":[{"name":"wp","href":"https:\/\/api.w.org\/{rel}","templated":true}]}}