{"id":337,"date":"2018-12-17T09:40:19","date_gmt":"2018-12-17T09:40:19","guid":{"rendered":"https:\/\/dri.parisnanterre.fr\/spel\/?page_id=337"},"modified":"2019-11-20T13:23:50","modified_gmt":"2019-11-20T13:23:50","slug":"premiere-connexion-a-office-365-pour-leducation","status":"publish","type":"page","link":"https:\/\/dri.parisnanterre.fr\/spel\/premiere-connexion-a-office-365-pour-leducation\/","title":{"rendered":"Premi\u00e8re connexion \u00e0 Office 365 pour l&rsquo;\u00e9ducation"},"content":{"rendered":"\n<p class=\"has-medium-font-size\"><\/p>\n\n\n\n<h4 class=\"wp-block-heading\"><strong>Rendez-vous sur la page<\/strong><a rel=\"noreferrer noopener\" aria-label=\"Rendez-vous sur la page http:\/\/office.parisnanterre.fr\n (opens in a new tab)\" href=\"http:\/\/office.parisnanterre.fr\" target=\"_blank\"><strong> http:\/\/office.parisnanterre.fr<\/strong><\/a><\/h4>\n\n\n\n<p><\/p>\n\n\n\n<div class=\"wp-block-image\"><figure class=\"alignleft is-resized\"><img loading=\"lazy\" decoding=\"async\" src=\"https:\/\/dri.parisnanterre.fr\/spel\/wp-content\/uploads\/2018\/12\/image-1.png\" alt=\"\" class=\"wp-image-414\" width=\"285\" height=\"285\" srcset=\"https:\/\/dri.parisnanterre.fr\/spel\/wp-content\/uploads\/2018\/12\/image-1.png 529w, https:\/\/dri.parisnanterre.fr\/spel\/wp-content\/uploads\/2018\/12\/image-1-150x150.png 150w, https:\/\/dri.parisnanterre.fr\/spel\/wp-content\/uploads\/2018\/12\/image-1-300x300.png 300w, https:\/\/dri.parisnanterre.fr\/spel\/wp-content\/uploads\/2018\/12\/image-1-60x60.png 60w\" sizes=\"auto, (max-width: 285px) 100vw, 285px\" \/><\/figure><\/div>\n\n\n\n<p>&nbsp;<\/p>\n\n\n\n<p>Dans le champ ci-contre, veuillez saisir vos param\u00e8tres d&rsquo;acc\u00e8s \u00e0 votre compte institutionnel Office 365. L&rsquo;identifiant est de la forme <strong>login@parisnanterre.fr<\/strong>, o\u00f9 le terme &lt;login> est \u00e0 remplacer par\u00a0:<br><\/p>\n\n\n\n<p>\u00a0\u00a0\u00a0\u00a0 &#8211; votre num\u00e9ro d\u2019\u00e9tudiant (pour les \u00e9tudiant\u00b7e\u00b7s)<br>\u00a0\u00a0\u00a0\u00a0 &#8211; l\u2019identifiant qui vous sert \u00e0 vous connecter au centre d\u2019authentification de l\u2019universit\u00e9<br>\u00a0\u00a0\u00a0\u00a0\u00a0\u00a0\u00a0 Paris Nanterre \u2013 CAS (pour les personnels)<\/p>\n\n\n\n<p><strong>Le compte Office 365 pour l&rsquo;Education offert par l&rsquo;universit\u00e9 Paris Nanterre vous permet d&rsquo;acc\u00e9der gratuitement \u00e0 <em>tous<\/em> les produits Microsoft Office 365, m\u00eame ceux d\u00e9j\u00e0 install\u00e9s sur vos appareils. Votre identifiant login@parisnanterre.fr<\/strong> <strong>vous sert \u00e0 vous connecter \u00e0 votre compte mais \u00e9galement \u00e0 enregistrer les produits de bureautique qui sont \u00e0 votre disposition. Cet identifiant <\/strong> <strong>ne diff\u00e8rent de votre identifiant au CAS que par l&rsquo;ajouter de l&rsquo;extension @parisnanterre.fr.<\/strong><\/p>\n\n\n\n<p style=\"color:#e30613\" class=\"has-text-color\"><strong>Le mot de passe demand\u00e9 est identique \u00e0 celui que vous utilisez pour vous connecter au centre d\u2019authentification de l\u2019universit\u00e9 Paris Nanterre (CAS).<\/strong><\/p>\n\n\n\n<p class=\"has-text-align-left\">Dans le cadre de ce service, votre mot de passe Paris Nanterre <em>n\u2019a jamais \u00e9t\u00e9 communiqu\u00e9 <\/em>\u00e0 Microsoft. La v\u00e9rification de vos identifiants s\u2019effectue par le biais d\u2019un dispositif technique propre \u00e0 la direction des ressources informatiques (DRI) de l\u2019universit\u00e9.<\/p>\n\n\n\n<p class=\"has-text-align-left\">Vous ne devez divulguer votre mot de passe \u00e0 quiconque&nbsp;: ni \u00e0 un employ\u00e9 Microsoft, ni \u00e0 un informaticien de la DRI. <em>Nul n\u2019est jamais cens\u00e9 vous demander votre mot de passe<\/em>. Ne r\u00e9pondez jamais \u00e0 un mail de sollicitation vous demandant de transmettre ou saisir ce mot de passe.<\/p>\n\n\n\n<p>&nbsp;<\/p>\n\n\n\n<h4 class=\"wp-block-heading\">T\u00e9l\u00e9charger la suite Office sur votre poste<br><\/h4>\n\n\n\n<p>Une fois connect\u00e9\u00b7e \u00e0 la page d\u2019accueil personnelle d\u2019Office 365, vous pourrez acc\u00e9der \u00e0 l\u2019ensemble des produits en ligne. Les \u00e9tudiant\u00b7e\u00b7s et les personnel\u00b7le\u00b7s permant\u00b7e\u00b7s de l\u2019universit\u00e9, disposant d\u2019un compte actif peuvent t\u00e9l\u00e9charger gratuitement la suite Office et l\u2019installer sur leurs ordinateurs personnels, PC ou Mac, <strong>dans la limite de 5 packs par compte<\/strong>. Pour se faire, veuillez cliquer sur le bouton \u00ab\u00a0Installer Office\u00a0\u00bb en haut \u00e0 droite de votre \u00e9cran.<\/p>\n\n\n\n<div class=\"wp-block-image\"><figure class=\"alignleft is-resized\"><img loading=\"lazy\" decoding=\"async\" src=\"https:\/\/dri.parisnanterre.fr\/spel\/wp-content\/uploads\/2018\/12\/installmo.png\" alt=\"\" class=\"wp-image-339\" width=\"376\" height=\"224\" srcset=\"https:\/\/dri.parisnanterre.fr\/spel\/wp-content\/uploads\/2018\/12\/installmo.png 792w, https:\/\/dri.parisnanterre.fr\/spel\/wp-content\/uploads\/2018\/12\/installmo-300x179.png 300w, https:\/\/dri.parisnanterre.fr\/spel\/wp-content\/uploads\/2018\/12\/installmo-768x458.png 768w\" sizes=\"auto, (max-width: 376px) 100vw, 376px\" \/><\/figure><\/div>\n\n\n\n<p>&nbsp;<\/p>\n\n\n\n<p>Lors de leur premi\u00e8re utilisation sur votre ordinateur personnel, Microsoft vous demande d\u2019enregistrer les diff\u00e9rents logiciels de la suite. Saisissez votre compte institutionnel Office (ie : login@parisnanterre.fr), ainsi que votre mot de passe institutionnel.<br><br><em><strong>La licence reste valable tant que votre compte Paris Nanterre reste actif<\/strong><\/em><strong>.<\/strong><\/p>\n","protected":false},"excerpt":{"rendered":"<p>Rendez-vous sur la page http:\/\/office.parisnanterre.fr &nbsp; Dans le champ ci-contre, veuillez saisir vos param\u00e8tres d&rsquo;acc\u00e8s \u00e0 votre compte institutionnel Office &hellip; <a href=\"https:\/\/dri.parisnanterre.fr\/spel\/premiere-connexion-a-office-365-pour-leducation\/\">Lire la suite<\/a><\/p>\n","protected":false},"author":1,"featured_media":0,"parent":0,"menu_order":0,"comment_status":"closed","ping_status":"closed","template":"","meta":{"kt_blocks_editor_width":"","_kad_blocks_custom_css":"","_kad_blocks_head_custom_js":"","_kad_blocks_body_custom_js":"","_kad_blocks_footer_custom_js":"","footnotes":""},"class_list":["post-337","page","type-page","status-publish","hentry"],"taxonomy_info":[],"featured_image_src_large":false,"author_info":{"display_name":"admin","author_link":"https:\/\/dri.parisnanterre.fr\/spel\/author\/scarella\/"},"comment_info":0,"_links":{"self":[{"href":"https:\/\/dri.parisnanterre.fr\/spel\/wp-json\/wp\/v2\/pages\/337","targetHints":{"allow":["GET"]}}],"collection":[{"href":"https:\/\/dri.parisnanterre.fr\/spel\/wp-json\/wp\/v2\/pages"}],"about":[{"href":"https:\/\/dri.parisnanterre.fr\/spel\/wp-json\/wp\/v2\/types\/page"}],"author":[{"embeddable":true,"href":"https:\/\/dri.parisnanterre.fr\/spel\/wp-json\/wp\/v2\/users\/1"}],"replies":[{"embeddable":true,"href":"https:\/\/dri.parisnanterre.fr\/spel\/wp-json\/wp\/v2\/comments?post=337"}],"version-history":[{"count":50,"href":"https:\/\/dri.parisnanterre.fr\/spel\/wp-json\/wp\/v2\/pages\/337\/revisions"}],"predecessor-version":[{"id":552,"href":"https:\/\/dri.parisnanterre.fr\/spel\/wp-json\/wp\/v2\/pages\/337\/revisions\/552"}],"wp:attachment":[{"href":"https:\/\/dri.parisnanterre.fr\/spel\/wp-json\/wp\/v2\/media?parent=337"}],"curies":[{"name":"wp","href":"https:\/\/api.w.org\/{rel}","templated":true}]}}