{"id":509,"date":"2019-11-20T12:44:15","date_gmt":"2019-11-20T12:44:15","guid":{"rendered":"https:\/\/dri.parisnanterre.fr\/spel\/?page_id=509"},"modified":"2024-03-12T09:18:23","modified_gmt":"2024-03-12T09:18:23","slug":"office365","status":"publish","type":"page","link":"https:\/\/dri.parisnanterre.fr\/spel\/15-2\/office365\/","title":{"rendered":"Office 365 pour l&rsquo;\u00c9ducation"},"content":{"rendered":"\n<h2 class=\"wp-block-heading\">Acc\u00e9der au pack Office en ligne<\/h2>\n\n\n\n<p>Tout d\u00e9tenteur d\u2019un <strong>compte Paris Nanterre actif<\/strong> \u2014 \u00e9tudiant\u00b7e, enseignant\u00b7e (permanent\u00b7e comme vacataire), personnel administratif \u2014 peut acc\u00e9der en ligne \u00e0 l\u2019ensemble des outils de la suite Office 365 pour l&rsquo;Education et dispose d\u2019une capacit\u00e9 de stockage de 100 Go pour archiver ses fichiers et les partager avec d&rsquo;autres utilisateurs. Il vous suffit de vous connecter \u00e0 <a href=\"http:\/\/office.parisnanterre.fr\"><strong>office.parisnante<\/strong><\/a><strong><a href=\"http:\/\/office.parisnanterre.fr\">rre.fr<\/a> <\/strong>ou de cliquer sur le bouton ci-dessous :<\/p>\n\n\n\n<div class=\"wp-block-button aligncenter\"><a class=\"wp-block-button__link has-background\" href=\"http:\/\/office.parisnanterre.fr\" style=\"background-color:#e5281b\" target=\"_blank\" rel=\"noopener noreferrer\">Connexion \u00e0 Office 365 pour l&rsquo;Education (office.parisnanterre.fr)<br><\/a><\/div>\n\n\n\n<p><br>Lorsque vous y \u00eates invit\u00e9\u00b7e, veuillez saisir l&rsquo;identifiant Microsoft Office associ\u00e9 \u00e0 votre compte institutionnel. Cet identifiant est de la forme <strong>login@parisnanterre.fr<\/strong> (veillez \u00e0 ne pas oublier l&rsquo;extension @parisnanterre.fr), o\u00f9 \u00ab\u00a0login\u00a0\u00bb doit \u00eatre remplac\u00e9 par l&rsquo;identifiant que vous utilisez pour vous connecter au centre d&rsquo;authentification de l&rsquo;universit\u00e9 (CAS). Le mot de passe est identique \u00e0 celui que vous utilisez pour vous connecter au CAS.<\/p>\n\n\n\n<div class=\"wp-block-columns is-layout-flex wp-container-core-columns-is-layout-9d6595d7 wp-block-columns-is-layout-flex\">\n<div class=\"wp-block-column is-layout-flow wp-block-column-is-layout-flow\" style=\"flex-basis:12.5%\"><\/div>\n\n\n\n<div class=\"wp-block-column is-layout-flow wp-block-column-is-layout-flow\" style=\"flex-basis:37.5%\">\n<figure class=\"wp-block-image size-medium\"><img loading=\"lazy\" decoding=\"async\" width=\"241\" height=\"300\" src=\"https:\/\/dri.parisnanterre.fr\/spel\/wp-content\/uploads\/2019\/11\/Capture-d\u2019e\u0301cran-2019-11-19-a\u0300-11.10.28-3-241x300.png\" alt=\"\" class=\"wp-image-491\" srcset=\"https:\/\/dri.parisnanterre.fr\/spel\/wp-content\/uploads\/2019\/11\/Capture-d\u2019e\u0301cran-2019-11-19-a\u0300-11.10.28-3-241x300.png 241w, https:\/\/dri.parisnanterre.fr\/spel\/wp-content\/uploads\/2019\/11\/Capture-d\u2019e\u0301cran-2019-11-19-a\u0300-11.10.28-3-822x1024.png 822w, https:\/\/dri.parisnanterre.fr\/spel\/wp-content\/uploads\/2019\/11\/Capture-d\u2019e\u0301cran-2019-11-19-a\u0300-11.10.28-3-768x957.png 768w, https:\/\/dri.parisnanterre.fr\/spel\/wp-content\/uploads\/2019\/11\/Capture-d\u2019e\u0301cran-2019-11-19-a\u0300-11.10.28-3.png 920w\" sizes=\"auto, (max-width: 241px) 100vw, 241px\" \/><\/figure>\n<\/div>\n\n\n\n<div class=\"wp-block-column is-vertically-aligned-center is-layout-flow wp-block-column-is-layout-flow\" style=\"flex-basis:24.99%\">\n<p>Vous aurez acc\u00e8s en ligne \u00e0 :<\/p>\n\n\n\n<ul class=\"wp-block-list\">\n<li>Word<\/li>\n\n\n\n<li>Excel<\/li>\n\n\n\n<li>PowerPoint<\/li>\n\n\n\n<li>OneNote<\/li>\n\n\n\n<li>SharePoint<\/li>\n\n\n\n<li>Teams<\/li>\n\n\n\n<li>Class Notebook<\/li>\n\n\n\n<li>Sway<\/li>\n\n\n\n<li>Form<\/li>\n\n\n\n<li>Whiteboard<\/li>\n\n\n\n<li>Video<\/li>\n<\/ul>\n<\/div>\n\n\n\n<div class=\"wp-block-column is-layout-flow wp-block-column-is-layout-flow\" style=\"flex-basis:25%\"><\/div>\n<\/div>\n\n\n\n<p>Vous y retrouverez \u00e9galement l&rsquo;ensemble des documents d\u00e9pos\u00e9s sur votre drive (OneDrive).<\/p>\n\n\n\n<p><em><a href=\"https:\/\/dri.parisnanterre.fr\/spel\/index.php\/premiere-connexion-a-office-365-pour-leducation\/\"><strong>Plus de d\u00e9tails sur votre premi\u00e8re connexion \u00e0 votre compte Office 365 pour l&rsquo;Education?<\/strong><\/a><\/em><\/p>\n\n\n\n<h2 class=\"wp-block-heading\">Installer le pack Office sur son ordinateur<\/h2>\n\n\n\n<p>En compl\u00e9ment des outils disponibles en ligne, les personnels permanents en activit\u00e9 et les \u00e9tudiant\u00b7e\u00b7s \u00e0 jour de leurs droits d&rsquo;inscription peuvent b\u00e9n\u00e9ficier gratuitement, pour leur usage propre, du pack Office le plus r\u00e9cent, qu\u2019il\u00b7elle\u00b7s peuvent installer sur leurs appareils personnels (dans la limite de cinq ordinateurs, PC ou Mac).<\/p>\n\n\n\n<p>Pour installer le pack Office sur votre ordinateur :<\/p>\n\n\n\n<ol class=\"wp-block-list\">\n<li>Connectez-vous en ligne \u00e0 votre compte Office (en suivant les instructions de la section pr\u00e9c\u00e9dente).<\/li>\n\n\n\n<li>Cliquez en haut \u00e0 droite sur le bouton \u00ab\u00a0Installer Office\u00a0\u00bb.<\/li>\n<\/ol>\n\n\n<div class=\"wp-block-image\">\n<figure class=\"aligncenter size-large is-resized\"><img loading=\"lazy\" decoding=\"async\" width=\"1024\" height=\"276\" src=\"https:\/\/dri.parisnanterre.fr\/spel\/wp-content\/uploads\/2019\/11\/Capture-d\u2019e\u0301cran-2019-11-20-a\u0300-12.12.35-1-1024x276.png\" alt=\"\" class=\"wp-image-502\" style=\"width:768px;height:207px\" srcset=\"https:\/\/dri.parisnanterre.fr\/spel\/wp-content\/uploads\/2019\/11\/Capture-d\u2019e\u0301cran-2019-11-20-a\u0300-12.12.35-1-1024x276.png 1024w, https:\/\/dri.parisnanterre.fr\/spel\/wp-content\/uploads\/2019\/11\/Capture-d\u2019e\u0301cran-2019-11-20-a\u0300-12.12.35-1-300x81.png 300w, https:\/\/dri.parisnanterre.fr\/spel\/wp-content\/uploads\/2019\/11\/Capture-d\u2019e\u0301cran-2019-11-20-a\u0300-12.12.35-1-768x207.png 768w, https:\/\/dri.parisnanterre.fr\/spel\/wp-content\/uploads\/2019\/11\/Capture-d\u2019e\u0301cran-2019-11-20-a\u0300-12.12.35-1-1536x414.png 1536w, https:\/\/dri.parisnanterre.fr\/spel\/wp-content\/uploads\/2019\/11\/Capture-d\u2019e\u0301cran-2019-11-20-a\u0300-12.12.35-1-2048x551.png 2048w, https:\/\/dri.parisnanterre.fr\/spel\/wp-content\/uploads\/2019\/11\/Capture-d\u2019e\u0301cran-2019-11-20-a\u0300-12.12.35-1.png 2154w\" sizes=\"auto, (max-width: 1024px) 100vw, 1024px\" \/><\/figure>\n<\/div>\n\n\n<ol class=\"wp-block-list\" start=\"3\">\n<li>S\u00e9lectionnez \u00ab\u00a0Applications Office 365\u00a0\u00bb dans le menu d\u00e9roulant.<\/li>\n<\/ol>\n\n\n\n<figure class=\"wp-block-image size-large is-resized\"><img loading=\"lazy\" decoding=\"async\" width=\"792\" height=\"472\" src=\"https:\/\/dri.parisnanterre.fr\/spel\/wp-content\/uploads\/2018\/12\/installmo.png\" alt=\"\" class=\"wp-image-339\" style=\"width:396px;height:216px\" srcset=\"https:\/\/dri.parisnanterre.fr\/spel\/wp-content\/uploads\/2018\/12\/installmo.png 792w, https:\/\/dri.parisnanterre.fr\/spel\/wp-content\/uploads\/2018\/12\/installmo-300x179.png 300w, https:\/\/dri.parisnanterre.fr\/spel\/wp-content\/uploads\/2018\/12\/installmo-768x458.png 768w\" sizes=\"auto, (max-width: 792px) 100vw, 792px\" \/><\/figure>\n\n\n\n<ol class=\"wp-block-list\" start=\"4\">\n<li>Acceptez le t\u00e9l\u00e9chargement du fichier propos\u00e9 et enregistrez-le dans un r\u00e9pertoire facile d&rsquo;acc\u00e8s (par d\u00e9faut, le r\u00e9pertoire T\u00e9l\u00e9chargements).<\/li>\n\n\n\n<li>Double-cliquez sur le fichier une fois le t\u00e9l\u00e9chargement termin\u00e9 afin d&rsquo;installer les composantes du pack Office sur votre ordinateur.<\/li>\n\n\n\n<li>Suivez les diff\u00e9rentes \u00e9tapes de l&rsquo;installation (pour certains utilisateurs, il vous sera peut-\u00eatre demand\u00e9 de saisir le mot de passe administrateur de votre machine personnelle).<\/li>\n\n\n\n<li>Il faut maintenant activer votre pack. Ouvrez l&rsquo;un des produits : lors de la premi\u00e8re utilisation, une fen\u00eatre devrait appara\u00eetre vous proposant d&rsquo;enregistrer votre produit. Cliquez sur \u00ab\u00a0Se connecter\u00a0\u00bb et saisissez votre identifiant  <strong>login@parisnanterre.fr<\/strong> et votre mot de passe.<\/li>\n<\/ol>\n\n\n\n<p class=\"has-text-color\" style=\"color:#e30613\"><br>Nous encourageons l&rsquo;ensemble des membres de notre communaut\u00e9 \u2014 dans le cadre de leur recherche, de leurs \u00e9tudes ou de leurs enseignements  \u2014 \u00e0 travailler \u00e0 partir de logiciels t\u00e9l\u00e9charg\u00e9s de mani\u00e8re licite et dot\u00e9s de licences officielles.<\/p>\n\n\n\n<p><br>Vous pouvez \u00e9galement utiliser l&rsquo;application OneDrive sur votre ordinateur afin de synchroniser les fichiers avec votre compte en ligne. Pour les utilisateurs Windows, l&rsquo;application est nativement disponible au sein de votre syst\u00e8me d&rsquo;exploitation. Pour les utilisateurs Mac, il vous sera n\u00e9cessaire de la t\u00e9l\u00e9charger depuis l&rsquo;App Store. A l&rsquo;ouverture de l&rsquo;application, veuillez saisir votre identifiant <strong>login@parisnanterre.fr<\/strong> et votre mot de passe pour d\u00e9marrer la synchronisation.<\/p>\n\n\n\n<p>Notez que ce drive est associ\u00e9 \u00e0 votre compte : il est donc potentiellement accessible depuis tous les ordinateurs o\u00f9 vous aurez utilis\u00e9 vos identifiants Paris Nanterre pour activer les solutions Microsoft. Ne transmettez jamais vos identifiants \u00e0 quiconque ! Pour toute question relative \u00e0 la protection de vos donn\u00e9es, n&rsquo;h\u00e9sitez pas \u00e0 contacter notre DPO \u00e0 <a href=\"mailto:dpo@liste.parisnanterre.fr\">dpo@liste.parisnanterre.fr<\/a>.<\/p>\n\n\n\n<p>Vous rencontrez des difficult\u00e9s dans l&rsquo;installation ou l&rsquo;activation de vos produits ? Merci de vous rapprocher de la Direction des Ressources Informatiques en utilisant le <a href=\"https:\/\/dri.parisnanterre.fr\/demande-dassistance\/\">formulaire d&rsquo;assistance<\/a> pr\u00e9vu \u00e0 cet effet.<\/p>\n\n\n<style>.wp-block-kadence-advancedbtn.kb-btns509_a23af3-2e{gap:var(--global-kb-gap-xs, 0.5rem );justify-content:center;align-items:center;}.kt-btns509_a23af3-2e .kt-button{font-weight:normal;font-style:normal;}<\/style>\n<div class=\"wp-block-kadence-advancedbtn kb-buttons-wrap kb-btns509_a23af3-2e\"><style>ul.menu .wp-block-kadence-advancedbtn .kb-btn509_7b7be0-9d.kb-button{width:initial;}.wp-block-kadence-advancedbtn .kb-btn509_7b7be0-9d.kb-button{color:#000;background:#e5281b;font-size:26px;border-top-left-radius:44px;border-top-right-radius:44px;border-bottom-right-radius:44px;border-bottom-left-radius:44px;border-top-color:#fff;border-top-style:solid;border-right-color:#fff;border-right-style:solid;border-bottom-color:#fff;border-bottom-style:solid;border-left-color:#fff;border-left-style:solid;}.wp-block-kadence-advancedbtn .kb-btn509_7b7be0-9d.kb-button:hover, .wp-block-kadence-advancedbtn .kb-btn509_7b7be0-9d.kb-button:focus{color:#ffffff;background:#444444;border-top-color:#444444;border-top-style:solid;border-right-color:#444444;border-right-style:solid;border-bottom-color:#444444;border-bottom-style:solid;border-left-color:#444444;border-left-style:solid;}@media all and (max-width: 1024px){.wp-block-kadence-advancedbtn .kb-btn509_7b7be0-9d.kb-button{border-top-color:#fff;border-top-style:solid;border-right-color:#fff;border-right-style:solid;border-bottom-color:#fff;border-bottom-style:solid;border-left-color:#fff;border-left-style:solid;}}@media all and (max-width: 1024px){.wp-block-kadence-advancedbtn .kb-btn509_7b7be0-9d.kb-button:hover, .wp-block-kadence-advancedbtn .kb-btn509_7b7be0-9d.kb-button:focus{border-top-color:#444444;border-top-style:solid;border-right-color:#444444;border-right-style:solid;border-bottom-color:#444444;border-bottom-style:solid;border-left-color:#444444;border-left-style:solid;}}@media all and (max-width: 767px){.wp-block-kadence-advancedbtn .kb-btn509_7b7be0-9d.kb-button{border-top-color:#fff;border-top-style:solid;border-right-color:#fff;border-right-style:solid;border-bottom-color:#fff;border-bottom-style:solid;border-left-color:#fff;border-left-style:solid;}.wp-block-kadence-advancedbtn .kb-btn509_7b7be0-9d.kb-button:hover, .wp-block-kadence-advancedbtn .kb-btn509_7b7be0-9d.kb-button:focus{border-top-color:#444444;border-top-style:solid;border-right-color:#444444;border-right-style:solid;border-bottom-color:#444444;border-bottom-style:solid;border-left-color:#444444;border-left-style:solid;}}<\/style><a class=\"kb-button kt-button button kb-btn509_7b7be0-9d kt-btn-size-large kt-btn-width-type-auto kb-btn-global-outline  kt-btn-has-text-true kt-btn-has-svg-true  wp-block-kadence-singlebtn\" href=\"https:\/\/dri.parisnanterre.fr\/spel\/15-2\/office365\/apprendre-a-utiliser-office-365\/\"><span class=\"kt-btn-inner-text\">Apprendre \u00e0 utiliser Office 365<\/span><span class=\"kb-svg-icon-wrap kb-svg-icon-fas_arrow-circle-right kt-btn-icon-side-right\"><svg viewBox=\"0 0 512 512\"  fill=\"currentColor\" xmlns=\"http:\/\/www.w3.org\/2000\/svg\"  aria-hidden=\"true\"><path d=\"M256 8c137 0 248 111 248 248S393 504 256 504 8 393 8 256 119 8 256 8zm-28.9 143.6l75.5 72.4H120c-13.3 0-24 10.7-24 24v16c0 13.3 10.7 24 24 24h182.6l-75.5 72.4c-9.7 9.3-9.9 24.8-.4 34.3l11 10.9c9.4 9.4 24.6 9.4 33.9 0L404.3 273c9.4-9.4 9.4-24.6 0-33.9L271.6 106.3c-9.4-9.4-24.6-9.4-33.9 0l-11 10.9c-9.5 9.6-9.3 25.1.4 34.4z\"\/><\/svg><\/span><\/a><\/div>\n\n\n\n<p><\/p>\n","protected":false},"excerpt":{"rendered":"<p>Acc\u00e9der au pack Office en ligne Tout d\u00e9tenteur d\u2019un compte Paris Nanterre actif \u2014 \u00e9tudiant\u00b7e, enseignant\u00b7e (permanent\u00b7e comme vacataire), personnel &hellip; <a href=\"https:\/\/dri.parisnanterre.fr\/spel\/15-2\/office365\/\">Lire la suite<\/a><\/p>\n","protected":false},"author":3,"featured_media":0,"parent":15,"menu_order":20,"comment_status":"closed","ping_status":"closed","template":"","meta":{"kt_blocks_editor_width":"","_kad_blocks_custom_css":"","_kad_blocks_head_custom_js":"","_kad_blocks_body_custom_js":"","_kad_blocks_footer_custom_js":"","footnotes":""},"class_list":["post-509","page","type-page","status-publish","hentry"],"taxonomy_info":[],"featured_image_src_large":false,"author_info":{"display_name":"Saidi Aur\u00e9lien","author_link":"https:\/\/dri.parisnanterre.fr\/spel\/author\/asaidi\/"},"comment_info":0,"_links":{"self":[{"href":"https:\/\/dri.parisnanterre.fr\/spel\/wp-json\/wp\/v2\/pages\/509","targetHints":{"allow":["GET"]}}],"collection":[{"href":"https:\/\/dri.parisnanterre.fr\/spel\/wp-json\/wp\/v2\/pages"}],"about":[{"href":"https:\/\/dri.parisnanterre.fr\/spel\/wp-json\/wp\/v2\/types\/page"}],"author":[{"embeddable":true,"href":"https:\/\/dri.parisnanterre.fr\/spel\/wp-json\/wp\/v2\/users\/3"}],"replies":[{"embeddable":true,"href":"https:\/\/dri.parisnanterre.fr\/spel\/wp-json\/wp\/v2\/comments?post=509"}],"version-history":[{"count":38,"href":"https:\/\/dri.parisnanterre.fr\/spel\/wp-json\/wp\/v2\/pages\/509\/revisions"}],"predecessor-version":[{"id":962,"href":"https:\/\/dri.parisnanterre.fr\/spel\/wp-json\/wp\/v2\/pages\/509\/revisions\/962"}],"up":[{"embeddable":true,"href":"https:\/\/dri.parisnanterre.fr\/spel\/wp-json\/wp\/v2\/pages\/15"}],"wp:attachment":[{"href":"https:\/\/dri.parisnanterre.fr\/spel\/wp-json\/wp\/v2\/media?parent=509"}],"curies":[{"name":"wp","href":"https:\/\/api.w.org\/{rel}","templated":true}]}}