{"id":58,"date":"2018-12-04T13:18:35","date_gmt":"2018-12-04T13:18:35","guid":{"rendered":"https:\/\/dri.parisnanterre.fr\/spel\/?page_id=58"},"modified":"2018-12-17T09:55:46","modified_gmt":"2018-12-17T09:55:46","slug":"formation-video-microsoft-teams","status":"publish","type":"page","link":"https:\/\/dri.parisnanterre.fr\/spel\/15-2\/microsoft-office-365\/formation-video-microsoft-teams\/","title":{"rendered":"Formation Microsoft Teams"},"content":{"rendered":"\n<h2 class=\"wp-block-heading\">Cr\u00e9er son espace collaboratif, \u00e9changer avec ses \u00e9tudiants ou son \u00e9quipe et travailler sur des documents partag\u00e9s<\/h2>\n\n\n<p>\u00a0<\/p>\n<table>\n<tbody>\n<tr>\n<td>\n<p style=\"text-align: center;\"><a class=\"ocpImageLink ocpArticleLink\" href=\"https:\/\/support.office.com\/fr-fr\/article\/t%C3%A9l%C3%A9charger-et-installer-teams-422bf3aa-9ae8-46f1-83a2-e65720e1a34d?wt.mc_id=otc_microsoft_teams\" target=\"_blank\" rel=\"noopener\" data-bi-name=\"Symbole d'un chronom\u00e8tre\"><img decoding=\"async\" src=\"https:\/\/support.content.office.net\/fr-fr\/media\/3c27d6df-207e-4c11-9ace-972dbb223179.png\" alt=\"Symbole d'un chronom\u00e8tre\" \/><\/a><\/p>\n<p style=\"text-align: center;\"><a href=\"https:\/\/support.office.com\/fr-fr\/article\/t%C3%A9l%C3%A9charger-et-installer-teams-422bf3aa-9ae8-46f1-83a2-e65720e1a34d?wt.mc_id=otc_microsoft_teams\" target=\"_blank\" rel=\"noopener\"><b class=\"ocpLegacyBold\">D\u00e9marrage rapide<\/b><\/a><\/p>\n<\/td>\n<td>\n<p style=\"text-align: center;\"><a class=\"ocpImageLink ocpArticleLink\" href=\"https:\/\/support.office.com\/fr-fr\/article\/vid%C3%A9o-bienvenue-dans-microsoft-teams-b98d533f-118e-4bae-bf44-3df2470c2b12?wt.mc_id=otc_microsoft_teams\" target=\"_blank\" rel=\"noopener\" data-bi-name=\"Symboles de trois personnes avec le symbole d'un tableau\"><img decoding=\"async\" class=\"aligncenter\" src=\"https:\/\/support.content.office.net\/fr-fr\/media\/9a52b278-5b7e-4656-a922-0a8b39091fb1.png\" alt=\"Symboles de trois personnes avec le symbole d'un tableau\" \/><\/a><\/p>\n<p style=\"text-align: center;\"><a href=\"https:\/\/support.office.com\/fr-fr\/article\/vid%C3%A9o-bienvenue-dans-microsoft-teams-b98d533f-118e-4bae-bf44-3df2470c2b12?wt.mc_id=otc_microsoft_teams\" target=\"_blank\" rel=\"noopener\"><b class=\"ocpLegacyBold\">Pr\u00e9sentation de Microsoft\u00a0Teams<\/b><\/a><\/p>\n<\/td>\n<td>\n<p style=\"text-align: center;\"><a class=\"ocpImageLink ocpArticleLink\" href=\"https:\/\/support.office.com\/fr-fr\/article\/vid%C3%A9o-rendre-votre-%C3%A9quipe-op%C3%A9rationnelle-702a2977-e662-4038-bef5-bdf8ee47b17b?wt.mc_id=otc_microsoft_teams\" target=\"_blank\" rel=\"noopener\" data-bi-name=\"Symbole d'une liste de v\u00e9rification\"><img decoding=\"async\" class=\"aligncenter\" src=\"https:\/\/support.content.office.net\/fr-fr\/media\/7de249ea-e07d-4bc1-ada8-44469d51790c.png\" alt=\"Symbole d'une liste de v\u00e9rification\" \/><\/a><\/p>\n<p style=\"text-align: center;\"><a href=\"https:\/\/support.office.com\/fr-fr\/article\/vid%C3%A9o-rendre-votre-%C3%A9quipe-op%C3%A9rationnelle-702a2977-e662-4038-bef5-bdf8ee47b17b?wt.mc_id=otc_microsoft_teams\" target=\"_blank\" rel=\"noopener\"><b class=\"ocpLegacyBold\">Configurer et personnaliser votre \u00e9quipe<\/b><\/a><\/p>\n<\/td>\n<td>\n<p style=\"text-align: center;\"><a class=\"ocpImageLink ocpArticleLink\" href=\"https:\/\/support.office.com\/fr-fr\/article\/vid%C3%A9o-vue-d-ensemble-des-%C3%A9quipes-et-des-canaux-c3d63c10-77d5-4204-a566-53ddcf723b46?wt.mc_id=otc_microsoft_teams\" target=\"_blank\" rel=\"noopener\" data-bi-name=\"Symbole d'une collaboration\"><img decoding=\"async\" class=\"aligncenter\" src=\"https:\/\/support.content.office.net\/fr-fr\/media\/ea742c72-3f2f-4152-9b8b-8f9446007833.png\" alt=\"Symbole d'une collaboration\" \/><\/a><\/p>\n<p style=\"text-align: center;\"><a href=\"https:\/\/support.office.com\/fr-fr\/article\/vid%C3%A9o-vue-d-ensemble-des-%C3%A9quipes-et-des-canaux-c3d63c10-77d5-4204-a566-53ddcf723b46?wt.mc_id=otc_microsoft_teams\" target=\"_blank\" rel=\"noopener\"><b class=\"ocpLegacyBold\">Collaborer en \u00e9quipes et en canaux<\/b><\/a><\/p>\n<\/td>\n<\/tr>\n<tr>\n<td>\n<p style=\"text-align: center;\"><a class=\"ocpImageLink ocpArticleLink\" href=\"https:\/\/support.office.com\/fr-fr\/article\/utiliser-les-billets-et-les-messages-e66777da-636b-49eb-9408-b0d88b212885?wt.mc_id=otc_microsoft_teams\" target=\"_blank\" rel=\"noopener\" data-bi-name=\"Symbole d'un message ou d'une publication\"><img decoding=\"async\" class=\"aligncenter\" src=\"https:\/\/support.content.office.net\/fr-fr\/media\/6e395d1a-3f80-4900-b8fd-e567c9ca2f36.png\" alt=\"Symbole d'un message ou d'une publication\" \/><\/a><\/p>\n<p style=\"text-align: center;\"><a href=\"https:\/\/support.office.com\/fr-fr\/article\/utiliser-les-billets-et-les-messages-e66777da-636b-49eb-9408-b0d88b212885?wt.mc_id=otc_microsoft_teams\" target=\"_blank\" rel=\"noopener\"><b class=\"ocpLegacyBold\">Utiliser les billets et les messages<br \/>\u00a0<\/b><\/a><\/p>\n<\/td>\n<td>\n<p style=\"text-align: center;\"><a class=\"ocpImageLink ocpArticleLink\" href=\"https:\/\/support.office.com\/fr-fr\/article\/vid%C3%A9o-conversations-et-appels-priv%C3%A9s-a864b052-5e4b-4ccf-b046-2e26f40e21b5?wt.mc_id=otc_microsoft_teams\" target=\"_blank\" rel=\"noopener\" data-bi-name=\"Symboles d\u2019une conversation, d\u2019un appel et du calendrier\"><img decoding=\"async\" class=\"aligncenter\" src=\"https:\/\/support.content.office.net\/fr-fr\/media\/effd5a1f-d7dc-43df-954f-06ddcceaa07d.png\" alt=\"Symboles d\u2019une conversation, d\u2019un appel et du calendrier\" \/><\/a><\/p>\n<p style=\"text-align: center;\"><a href=\"https:\/\/support.office.com\/fr-fr\/article\/vid%C3%A9o-conversations-et-appels-priv%C3%A9s-a864b052-5e4b-4ccf-b046-2e26f40e21b5?wt.mc_id=otc_microsoft_teams\" target=\"_blank\" rel=\"noopener\"><b class=\"ocpLegacyBold\">D\u00e9marrer des conversations,<br \/>des appels et des r\u00e9unions<\/b><\/a><\/p>\n<\/td>\n<td>\n<p style=\"text-align: center;\"><a class=\"ocpImageLink ocpArticleLink\" href=\"https:\/\/support.office.com\/fr-fr\/article\/vid%C3%A9o-utilisation-des-onglets-7350a03e-017a-4a00-a6ae-1c9fe8c497b3?wt.mc_id=otc_microsoft_teams\" target=\"_blank\" rel=\"noopener\" data-bi-name=\"Quatre carr\u00e9s, un inclin\u00e9, pour afficher plus d'applications\"><img decoding=\"async\" class=\"aligncenter\" src=\"https:\/\/support.content.office.net\/fr-fr\/media\/251b85b4-cca6-49bd-bde0-f48f4adf5162.png\" alt=\"Quatre carr\u00e9s, un inclin\u00e9, pour afficher plus d'applications\" \/><\/a><\/p>\n<p style=\"text-align: center;\"><a href=\"https:\/\/support.office.com\/fr-fr\/article\/vid%C3%A9o-utilisation-des-onglets-7350a03e-017a-4a00-a6ae-1c9fe8c497b3?wt.mc_id=otc_microsoft_teams\" target=\"_blank\" rel=\"noopener\"><b class=\"ocpLegacyBold\">Explorer les applications et les outils<br \/>\u00a0<\/b><\/a><\/p>\n<\/td>\n<td>\n<p style=\"text-align: center;\"><a class=\"ocpImageLink ocpArticleLink\" href=\"https:\/\/support.office.com\/fr-fr\/article\/g%C3%A9rer-votre-flux-dactivit%C3%A9-02b9ece4-6086-4daa-b4c0-627beeacbf08?wt.mc_id=otc_microsoft_teams\" target=\"_blank\" rel=\"noopener\" data-bi-name=\"Symbole d'un flux\"><img decoding=\"async\" class=\"aligncenter\" src=\"https:\/\/support.content.office.net\/fr-fr\/media\/b3fe0ce7-2d00-4465-a5b6-dd7cdb81fb8a.png\" alt=\"Symbole d'un flux\" \/><\/a><b class=\"ocpLegacyBold\"><\/b><\/p>\n<p style=\"text-align: center;\"><a href=\"https:\/\/support.office.com\/fr-fr\/article\/g%C3%A9rer-votre-flux-dactivit%C3%A9-02b9ece4-6086-4daa-b4c0-627beeacbf08?wt.mc_id=otc_microsoft_teams\" target=\"_blank\" rel=\"noopener\"><b class=\"ocpLegacyBold\">G\u00e9rer votre flux d\u2019activit\u00e9<br \/>\u00a0<\/b><\/a><\/p>\n<\/td>\n<\/tr>\n<\/tbody>\n<\/table>\n<p style=\"text-align: center;\">\u00a0<\/p>\n<p>\u00a0<\/p>\n<p style=\"text-align: right;\">\u00a0<\/p>\n<p>\u00a0<\/p>","protected":false},"excerpt":{"rendered":"<p>Cr\u00e9er son espace collaboratif, \u00e9changer avec ses \u00e9tudiants ou son \u00e9quipe et travailler sur des documents partag\u00e9s \u00a0 D\u00e9marrage rapide &hellip; <a href=\"https:\/\/dri.parisnanterre.fr\/spel\/15-2\/microsoft-office-365\/formation-video-microsoft-teams\/\">Lire la suite<\/a><\/p>\n","protected":false},"author":1,"featured_media":39,"parent":62,"menu_order":0,"comment_status":"closed","ping_status":"closed","template":"","meta":{"kt_blocks_editor_width":"","_kad_blocks_custom_css":"","_kad_blocks_head_custom_js":"","_kad_blocks_body_custom_js":"","_kad_blocks_footer_custom_js":"","footnotes":""},"class_list":["post-58","page","type-page","status-publish","has-post-thumbnail","hentry"],"taxonomy_info":[],"featured_image_src_large":["https:\/\/dri.parisnanterre.fr\/spel\/wp-content\/uploads\/2018\/12\/microsoft365_6_teams.jpg",200,200,false],"author_info":{"display_name":"admin","author_link":"https:\/\/dri.parisnanterre.fr\/spel\/author\/scarella\/"},"comment_info":0,"_links":{"self":[{"href":"https:\/\/dri.parisnanterre.fr\/spel\/wp-json\/wp\/v2\/pages\/58","targetHints":{"allow":["GET"]}}],"collection":[{"href":"https:\/\/dri.parisnanterre.fr\/spel\/wp-json\/wp\/v2\/pages"}],"about":[{"href":"https:\/\/dri.parisnanterre.fr\/spel\/wp-json\/wp\/v2\/types\/page"}],"author":[{"embeddable":true,"href":"https:\/\/dri.parisnanterre.fr\/spel\/wp-json\/wp\/v2\/users\/1"}],"replies":[{"embeddable":true,"href":"https:\/\/dri.parisnanterre.fr\/spel\/wp-json\/wp\/v2\/comments?post=58"}],"version-history":[{"count":62,"href":"https:\/\/dri.parisnanterre.fr\/spel\/wp-json\/wp\/v2\/pages\/58\/revisions"}],"predecessor-version":[{"id":356,"href":"https:\/\/dri.parisnanterre.fr\/spel\/wp-json\/wp\/v2\/pages\/58\/revisions\/356"}],"up":[{"embeddable":true,"href":"https:\/\/dri.parisnanterre.fr\/spel\/wp-json\/wp\/v2\/pages\/62"}],"wp:featuredmedia":[{"embeddable":true,"href":"https:\/\/dri.parisnanterre.fr\/spel\/wp-json\/wp\/v2\/media\/39"}],"wp:attachment":[{"href":"https:\/\/dri.parisnanterre.fr\/spel\/wp-json\/wp\/v2\/media?parent=58"}],"curies":[{"name":"wp","href":"https:\/\/api.w.org\/{rel}","templated":true}]}}