{"id":759,"date":"2019-12-30T03:10:13","date_gmt":"2019-12-30T03:10:13","guid":{"rendered":"https:\/\/dri.parisnanterre.fr\/spel\/?page_id=759"},"modified":"2020-02-28T09:23:34","modified_gmt":"2020-02-28T09:23:34","slug":"thunderbird","status":"publish","type":"page","link":"https:\/\/dri.parisnanterre.fr\/spel\/thunderbird\/","title":{"rendered":"Param\u00e9trer Thunderbird (\u00e9tudiant\u00b7e\u00b7s, enseignant\u00b7e\u00b7s vacataires et anciens personnels)"},"content":{"rendered":"\n<p class=\"has-background has-very-light-gray-background-color\">Ce tutoriel permet aux enseignant\u00b7e\u00b7s vacataires et aux \u00e9tudiant\u00b7e\u00b7s souhaitant consulter et envoyer leurs courriels depuis Thunderbird de param\u00e9trer leur client de messagerie. Avant de vous lancer, assurez-vous de disposer de la derni\u00e8re version du logiciel : faites une mise \u00e0 jour au besoin.<\/p>\n\n\n\n<p>Dans le menu sup\u00e9rieur, allez dans <strong>Fichier<\/strong>, s\u00e9lectionnez <strong>Nouveau<\/strong>, puis <strong>Compte existant<\/strong>.<\/p>\n\n\n\n<div class=\"wp-block-columns is-layout-flex wp-container-core-columns-is-layout-9d6595d7 wp-block-columns-is-layout-flex\">\n<div class=\"wp-block-column is-layout-flow wp-block-column-is-layout-flow\">\n<figure class=\"wp-block-image size-large\"><img loading=\"lazy\" decoding=\"async\" width=\"521\" height=\"315\" src=\"https:\/\/dri.parisnanterre.fr\/spel\/wp-content\/uploads\/2019\/12\/img1_compte_courrier_existant_0.png\" alt=\"\" class=\"wp-image-760\" srcset=\"https:\/\/dri.parisnanterre.fr\/spel\/wp-content\/uploads\/2019\/12\/img1_compte_courrier_existant_0.png 521w, https:\/\/dri.parisnanterre.fr\/spel\/wp-content\/uploads\/2019\/12\/img1_compte_courrier_existant_0-300x181.png 300w\" sizes=\"auto, (max-width: 521px) 100vw, 521px\" \/><\/figure>\n<\/div>\n\n\n\n<div class=\"wp-block-column is-layout-flow wp-block-column-is-layout-flow\">\n<p><br><br><br>Dans le menu sup\u00e9rieur, allez dans <strong>Fichier<\/strong>, s\u00e9lectionnez <strong>Nouveau<\/strong>, puis <strong>Compte existant<\/strong>.<\/p>\n\n\n\n<p><br><br><br>Sous Windows, le menu principal est masqu\u00e9 par d\u00e9faut. Faites un clic-droit sur la bordure sup\u00e9rieure de votre fen\u00eatre pour le faire appara\u00eetre.<\/p>\n<\/div>\n<\/div>\n\n\n\n<div class=\"wp-block-columns is-layout-flex wp-container-core-columns-is-layout-9d6595d7 wp-block-columns-is-layout-flex\">\n<div class=\"wp-block-column is-layout-flow wp-block-column-is-layout-flow\">\n<p><br><br><br><br>Veuillez remplir les trois champs requis :<br><br><\/p>\n\n\n\n<p>(1) <strong>Votre nom<\/strong>. Il s&rsquo;agit du nom tel que vous souhaitez qu&rsquo;il apparaisse aupr\u00e8s de vos destinataires. Vous \u00eates libre d&#8217;employer des majuscules et des caract\u00e8res sp\u00e9ciaux.<br><\/p>\n\n\n\n<p>(2) <strong>L&rsquo;adresse-mail<\/strong>. Vous pouvez choisir d&rsquo;indiquer l&rsquo;adresse commen\u00e7ant par votre num\u00e9ro d&rsquo;\u00e9tudiant, e.g. 35006817@parisnanterre.fr dans l&rsquo;exemple qui nous servira de fil rouge pour ce tutoriel, ou encore, l&rsquo;alias que vous avez choisi lors de la cr\u00e9ation de votre compte, dans le pr\u00e9sent cas betty.boop@parisnanterre.fr. Pour les enseignant\u00b7e\u00b7s vacataires et anciens personnels, il peut s&rsquo;agir de votre adresse institutionnelle (commen\u00e7ant par le login que vous utilisez pour acc\u00e9der au <a href=\"https:\/\/cas.parisnanterre.fr\/login\" target=\"_blank\" rel=\"noreferrer noopener\" aria-label=\"CAS (s\u2019ouvre dans un nouvel onglet)\">CAS<\/a> ou au logiciel <a href=\"https:\/\/ose.parisnanterre.fr\/\" target=\"_blank\" rel=\"noreferrer noopener\" aria-label=\"OSE (s\u2019ouvre dans un nouvel onglet)\">OSE<\/a>) ou de votre alias.<br><\/p>\n\n\n\n<p>(3) <strong>Votre mot de passe<\/strong> institutionnel.<br><\/p>\n\n\n\n<p><br>Une fois l&rsquo;ensemble des champs remplis, veuillez cliquer sur le bouton <strong>Configuration manuelle<\/strong> en bas \u00e0 gauche de la fen\u00eatre (4).<\/p>\n<\/div>\n\n\n\n<div class=\"wp-block-column is-layout-flow wp-block-column-is-layout-flow\">\n<figure class=\"wp-block-image size-full is-resized\"><img loading=\"lazy\" decoding=\"async\" src=\"https:\/\/dri.parisnanterre.fr\/spel\/wp-content\/uploads\/2019\/12\/thunder1.png\" alt=\"\" class=\"wp-image-767\" width=\"414\" height=\"447\" srcset=\"https:\/\/dri.parisnanterre.fr\/spel\/wp-content\/uploads\/2019\/12\/thunder1.png 827w, https:\/\/dri.parisnanterre.fr\/spel\/wp-content\/uploads\/2019\/12\/thunder1-278x300.png 278w, https:\/\/dri.parisnanterre.fr\/spel\/wp-content\/uploads\/2019\/12\/thunder1-768x829.png 768w\" sizes=\"auto, (max-width: 414px) 100vw, 414px\" \/><\/figure>\n<\/div>\n<\/div>\n\n\n\n<p>Apr\u00e8s validation, Thunderbird vous propose un param\u00e9trage par d\u00e9faut pour les serveurs d&rsquo;envoi (SMTP) et de r\u00e9ception (IMAP). Veuillez ignorer ce param\u00e9trage, qu&rsquo;il conviendra de modifier int\u00e9gralement dans les prochaines \u00e9tapes, et cliquez directement sur Configuration avanc\u00e9e, en bas \u00e0 droite.<\/p>\n\n\n\n<div class=\"wp-block-columns is-layout-flex wp-container-core-columns-is-layout-9d6595d7 wp-block-columns-is-layout-flex\">\n<div class=\"wp-block-column is-layout-flow wp-block-column-is-layout-flow\"><\/div>\n\n\n\n<div class=\"wp-block-column is-layout-flow wp-block-column-is-layout-flow\">\n<figure class=\"wp-block-image size-large\"><img loading=\"lazy\" decoding=\"async\" width=\"827\" height=\"999\" src=\"https:\/\/dri.parisnanterre.fr\/spel\/wp-content\/uploads\/2019\/12\/Thunder2.png\" alt=\"\" class=\"wp-image-779\" srcset=\"https:\/\/dri.parisnanterre.fr\/spel\/wp-content\/uploads\/2019\/12\/Thunder2.png 827w, https:\/\/dri.parisnanterre.fr\/spel\/wp-content\/uploads\/2019\/12\/Thunder2-248x300.png 248w, https:\/\/dri.parisnanterre.fr\/spel\/wp-content\/uploads\/2019\/12\/Thunder2-768x928.png 768w\" sizes=\"auto, (max-width: 827px) 100vw, 827px\" \/><\/figure>\n<\/div>\n\n\n\n<div class=\"wp-block-column is-layout-flow wp-block-column-is-layout-flow\"><\/div>\n<\/div>\n\n\n\n<p>L&rsquo;image de gauche ci-dessous repr\u00e9sente la fen\u00eatre que vous obtenez apr\u00e8s validation. L&rsquo;image de droite indique les modifications que vous devez y apporter. Substituez \u00e0 l&rsquo;entr\u00e9e du champ Server Name le nom du serveur IMAP de Google, soit <strong>imap.gmail.com<\/strong> (1). Le User Name est l&rsquo;identifiant que vous utilisez pour vous connecter \u00e0 Gsuite for Edu : il s&rsquo;agit <strong>n\u00e9cessairement<\/strong> de l&rsquo;adresse-mail d\u00e9butant par <strong>votre num\u00e9ro d&rsquo;\u00e9tudiant<\/strong> (ou, pour les enseignant\u00b7e\u00b7s vacataires et les anciens personnels de l&rsquo;universit\u00e9, par <strong>votre login institutionnel<\/strong>), m\u00eame si vous avec choisi d&rsquo;utiliser votre alias dans le cadre de vos correspondances. Dans les listes d\u00e9roulantes du mode de connexion et du mode d&rsquo;authentification (2), veuillez s\u00e9lectionner <strong>SSL\/TLS<\/strong> et <strong>OAuth2<\/strong>. En optant pour ce mode de connexion, le port (3) devrait passer automatiquement de 143 \u00e0 <strong>993<\/strong>. Dans le cas contraire, r\u00e9alisez manuellement cette modification. Enfin validez les changements en cliquant, en bas \u00e0 droite, sur le bouton <strong>OK<\/strong> (4).<\/p>\n\n\n\n<div class=\"wp-block-columns is-layout-flex wp-container-core-columns-is-layout-9d6595d7 wp-block-columns-is-layout-flex\">\n<div class=\"wp-block-column is-layout-flow wp-block-column-is-layout-flow\">\n<figure class=\"wp-block-image size-large\"><img loading=\"lazy\" decoding=\"async\" width=\"943\" height=\"787\" src=\"https:\/\/dri.parisnanterre.fr\/spel\/wp-content\/uploads\/2019\/12\/Thunder3.png\" alt=\"\" class=\"wp-image-782\" srcset=\"https:\/\/dri.parisnanterre.fr\/spel\/wp-content\/uploads\/2019\/12\/Thunder3.png 943w, https:\/\/dri.parisnanterre.fr\/spel\/wp-content\/uploads\/2019\/12\/Thunder3-300x250.png 300w, https:\/\/dri.parisnanterre.fr\/spel\/wp-content\/uploads\/2019\/12\/Thunder3-768x641.png 768w\" sizes=\"auto, (max-width: 943px) 100vw, 943px\" \/><\/figure>\n<\/div>\n\n\n\n<div class=\"wp-block-column is-layout-flow wp-block-column-is-layout-flow\">\n<figure class=\"wp-block-image size-large\"><img loading=\"lazy\" decoding=\"async\" width=\"943\" height=\"787\" src=\"https:\/\/dri.parisnanterre.fr\/spel\/wp-content\/uploads\/2019\/12\/Thunder4-1.png\" alt=\"\" class=\"wp-image-785\" srcset=\"https:\/\/dri.parisnanterre.fr\/spel\/wp-content\/uploads\/2019\/12\/Thunder4-1.png 943w, https:\/\/dri.parisnanterre.fr\/spel\/wp-content\/uploads\/2019\/12\/Thunder4-1-300x250.png 300w, https:\/\/dri.parisnanterre.fr\/spel\/wp-content\/uploads\/2019\/12\/Thunder4-1-768x641.png 768w\" sizes=\"auto, (max-width: 943px) 100vw, 943px\" \/><\/figure>\n<\/div>\n<\/div>\n\n\n\n<p>Dans le menu de gauche, s\u00e9lectionnez Courrier entrant et demandez le t\u00e9l\u00e9chargement des nouveaux mails. Une fen\u00eatre de navigateur s&rsquo;ouvre alors et r\u00e9clame que vous saisissiez votre identifiant Gsuite for Edu :<\/p>\n\n\n\n<figure class=\"wp-block-image size-large is-resized\"><img loading=\"lazy\" decoding=\"async\" src=\"https:\/\/dri.parisnanterre.fr\/spel\/wp-content\/uploads\/2019\/12\/Thunder5.png\" alt=\"\" class=\"wp-image-787\" width=\"472\" height=\"376\" srcset=\"https:\/\/dri.parisnanterre.fr\/spel\/wp-content\/uploads\/2019\/12\/Thunder5.png 943w, https:\/\/dri.parisnanterre.fr\/spel\/wp-content\/uploads\/2019\/12\/Thunder5-300x239.png 300w, https:\/\/dri.parisnanterre.fr\/spel\/wp-content\/uploads\/2019\/12\/Thunder5-768x612.png 768w\" sizes=\"auto, (max-width: 472px) 100vw, 472px\" \/><\/figure>\n\n\n\n<p> Saisissez votre identifiant, de type <strong>login@parisnanterre.fr<\/strong>, o\u00f9 login doit \u00eatre remplac\u00e9 par votre num\u00e9ro d&rsquo;\u00e9tudiant (ou, pour les enseignant\u00b7e\u00b7s vacataires et les anciens personnels de l&rsquo;universit\u00e9, par votre login institutionnel), puis valider en cliquant sur le bouton <strong>Suivant<\/strong>. La fen\u00eatre du centre d&rsquo;authentification de l&rsquo;universit\u00e9 Paris Nanterre (CAS) appara\u00eet : entrez votre num\u00e9ro d&rsquo;\u00e9tudiant (ou votre login institutionnel) dans le champ Identifiant et votre mot de passe institutionnel dans le champ en-dessous.<\/p>\n\n\n\n<figure class=\"wp-block-image size-large is-resized\"><img loading=\"lazy\" decoding=\"async\" src=\"https:\/\/dri.parisnanterre.fr\/spel\/wp-content\/uploads\/2019\/12\/Thunder6.png\" alt=\"\" class=\"wp-image-792\" width=\"472\" height=\"376\" srcset=\"https:\/\/dri.parisnanterre.fr\/spel\/wp-content\/uploads\/2019\/12\/Thunder6.png 943w, https:\/\/dri.parisnanterre.fr\/spel\/wp-content\/uploads\/2019\/12\/Thunder6-300x239.png 300w, https:\/\/dri.parisnanterre.fr\/spel\/wp-content\/uploads\/2019\/12\/Thunder6-768x612.png 768w\" sizes=\"auto, (max-width: 472px) 100vw, 472px\" \/><\/figure>\n\n\n\n<p>L&rsquo;ensemble de vos messages re\u00e7us sur votre messagerie Paris Nanterre commence alors \u00e0 \u00eatre t\u00e9l\u00e9charg\u00e9s. Thunderbird continuera \u00e0 les t\u00e9l\u00e9charger r\u00e9guli\u00e8rement en fonction de la fr\u00e9quence que vous avez param\u00e9tr\u00e9e (par d\u00e9faut, toutes les 10 minutes). Cependant, vous ne pouvez pas encore envoyer de mails : il faut d\u00e9sormais configurer le serveur d&rsquo;envoi (SMTP). Faites un clic-droit sur le nom de votre compte dans le menu de gauche et choisissez l&rsquo;option <strong>Param\u00e8tres<\/strong>.<\/p>\n\n\n\n<figure class=\"wp-block-image size-large is-resized\"><img loading=\"lazy\" decoding=\"async\" src=\"https:\/\/dri.parisnanterre.fr\/spel\/wp-content\/uploads\/2019\/12\/Thunder7.png\" alt=\"\" class=\"wp-image-796\" width=\"487\" height=\"425\" srcset=\"https:\/\/dri.parisnanterre.fr\/spel\/wp-content\/uploads\/2019\/12\/Thunder7.png 974w, https:\/\/dri.parisnanterre.fr\/spel\/wp-content\/uploads\/2019\/12\/Thunder7-300x261.png 300w, https:\/\/dri.parisnanterre.fr\/spel\/wp-content\/uploads\/2019\/12\/Thunder7-768x669.png 768w\" sizes=\"auto, (max-width: 487px) 100vw, 487px\" \/><\/figure>\n\n\n\n<p>L&rsquo;image de gauche ci-dessous repr\u00e9sente la fen\u00eatre que vous obtenez  apr\u00e8s validation. L&rsquo;image de droite indique les modifications que vous  devez y apporter. Profitez de cette \u00e9tape pour renommer le compte associ\u00e9 \u00e0 votre messagerie : Thunderbird lui attribue votre adresse-mail comme nom par d\u00e9faut. Npus avons pr\u00e9f\u00e9r\u00e9 ici le renommer <strong>Paris Nanterre<\/strong> (1). Ce choix est laiss\u00e9 \u00e0 votre libre appr\u00e9ciation. Si vous souhaitez modifier le nom ou l&rsquo;adresse choisis initialement, faites-le dans l&rsquo;encadr\u00e9 (2). Enfin, cliquez sur le bouton <strong>Modifier le serveur SMTP<\/strong> pour param\u00e9trer le serveur d&rsquo;envoi (3). Le User Name est l&rsquo;identifiant que vous utilisez pour vous connecter \u00e0 Gsuite for Edu : il s&rsquo;agit <strong>n\u00e9cessairement<\/strong> de l&rsquo;adresse-mail d\u00e9butant par <strong>votre num\u00e9ro d&rsquo;\u00e9tudiant<\/strong> (pour les enseignant\u00b7e\u00b7s vacataires et les anciens personnels de l&rsquo;universit\u00e9, par <strong>votre login institutionnel<\/strong>),  m\u00eame si vous avec choisi d&rsquo;utiliser votre alias dans le cadre de vos  correspondances. Dans les listes d\u00e9roulantes du mode de connexion et du  mode d&rsquo;authentification (2), veuillez s\u00e9lectionner <strong>SSL\/TLS<\/strong> et <strong>OAuth2<\/strong>. En optant pour ce mode de connexion, le port (3) devrait passer automatiquement de 143 \u00e0 <strong>993<\/strong>.  Dans le cas contraire, r\u00e9alisez manuellement cette modification. Enfin  validez les changements en cliquant, en bas \u00e0 droite, sur le bouton <strong>OK<\/strong> (4).<\/p>\n\n\n\n<div class=\"wp-block-columns is-layout-flex wp-container-core-columns-is-layout-9d6595d7 wp-block-columns-is-layout-flex\">\n<div class=\"wp-block-column is-layout-flow wp-block-column-is-layout-flow\">\n<figure class=\"wp-block-image size-large\"><img loading=\"lazy\" decoding=\"async\" width=\"943\" height=\"787\" src=\"https:\/\/dri.parisnanterre.fr\/spel\/wp-content\/uploads\/2019\/12\/Thunder8-1.png\" alt=\"\" class=\"wp-image-801\" srcset=\"https:\/\/dri.parisnanterre.fr\/spel\/wp-content\/uploads\/2019\/12\/Thunder8-1.png 943w, https:\/\/dri.parisnanterre.fr\/spel\/wp-content\/uploads\/2019\/12\/Thunder8-1-300x250.png 300w, https:\/\/dri.parisnanterre.fr\/spel\/wp-content\/uploads\/2019\/12\/Thunder8-1-768x641.png 768w\" sizes=\"auto, (max-width: 943px) 100vw, 943px\" \/><\/figure>\n<\/div>\n\n\n\n<div class=\"wp-block-column is-layout-flow wp-block-column-is-layout-flow\">\n<figure class=\"wp-block-image size-large\"><img loading=\"lazy\" decoding=\"async\" width=\"943\" height=\"787\" src=\"https:\/\/dri.parisnanterre.fr\/spel\/wp-content\/uploads\/2019\/12\/Thunder9.png\" alt=\"\" class=\"wp-image-799\" srcset=\"https:\/\/dri.parisnanterre.fr\/spel\/wp-content\/uploads\/2019\/12\/Thunder9.png 943w, https:\/\/dri.parisnanterre.fr\/spel\/wp-content\/uploads\/2019\/12\/Thunder9-300x250.png 300w, https:\/\/dri.parisnanterre.fr\/spel\/wp-content\/uploads\/2019\/12\/Thunder9-768x641.png 768w\" sizes=\"auto, (max-width: 943px) 100vw, 943px\" \/><\/figure>\n<\/div>\n<\/div>\n\n\n\n<div class=\"wp-block-columns is-layout-flex wp-container-core-columns-is-layout-9d6595d7 wp-block-columns-is-layout-flex\">\n<div class=\"wp-block-column is-layout-flow wp-block-column-is-layout-flow\">\n<p>Veuillez remplir l&rsquo;ensemble des champs requis :<\/p>\n\n\n\n<p><strong>La description<\/strong>. Il s&rsquo;agit du nom donn\u00e9 au serveur d&rsquo;envoi pour le diff\u00e9rencier d&rsquo;autres serveurs SMTP que vous auriez pu d\u00e9clarer dans Thunderbird. Donnez le nom de votre choix (ici <strong>Paris Nanterre<\/strong>).<br><\/p>\n\n\n\n<p><strong>Le nom du serveur<\/strong>. Il correspond \u00e0 l&rsquo;adresse du serveur d&rsquo;envoi, soit <strong>smtp.gmail.com<\/strong>.<\/p>\n\n\n\n<p><strong>Le type de connexion<\/strong>. Tout comme le serveur de r\u00e9ception (IMAP), <strong>SSL\/TLS<\/strong> est le type de connexion \u00e0 privil\u00e9gier. D\u00e8s lors que vous aurez s\u00e9lectionn\u00e9 cette entr\u00e9e dans le menu d\u00e9roulant, <strong>le port <\/strong>s&rsquo;en trouvera automatiquement modifi\u00e9. Dans le cas contraire, veuillez saisir <strong>465<\/strong>. <\/p>\n\n\n\n<p><strong>La m\u00e9thode d&rsquo;authentification<\/strong> est l\u00e0 encore invariante : vous devez s\u00e9lectionner OAuth2 dans le menu correspondant.<\/p>\n\n\n\n<p>L&rsquo;identifiant (<strong>user name<\/strong>) requis pour pouvoir envoyer vos mails est le m\u00eame que l&rsquo;identifiant de connexion \u00e0 Gmail for Edu, du type <strong>login@parisnanterre.fr<\/strong>, o\u00f9 login doit \u00eatre remplac\u00e9 par votre num\u00e9ro d&rsquo;\u00e9tudiant (dans l&rsquo;exemple ci-contre, l&rsquo;identifiant est 35006817@parisnanterre.fr) ou votre login institutionnel (pour les enseignant\u00b7e\u00b7s vacataires et les anciens personnels de l&rsquo;universit\u00e9).<\/p>\n\n\n\n<p>Une fois l&rsquo;ensemble de ces informations saisies, veuillez valider un premi\u00e8re fois le bouton <strong>OK<\/strong> de l&rsquo;\u00e9cran ci-contre, puis une seconde fois, le bouton <strong>OK<\/strong> de l&rsquo;\u00e9cran ci-dessus.<\/p>\n<\/div>\n\n\n\n<div class=\"wp-block-column is-layout-flow wp-block-column-is-layout-flow\">\n<figure class=\"wp-block-image size-full\"><img loading=\"lazy\" decoding=\"async\" width=\"595\" height=\"510\" src=\"https:\/\/dri.parisnanterre.fr\/spel\/wp-content\/uploads\/2019\/12\/Thunder10.png\" alt=\"\" class=\"wp-image-803\" srcset=\"https:\/\/dri.parisnanterre.fr\/spel\/wp-content\/uploads\/2019\/12\/Thunder10.png 595w, https:\/\/dri.parisnanterre.fr\/spel\/wp-content\/uploads\/2019\/12\/Thunder10-300x257.png 300w\" sizes=\"auto, (max-width: 595px) 100vw, 595px\" \/><\/figure>\n<\/div>\n<\/div>\n\n\n\n<p class=\"has-background has-very-light-gray-background-color\"><strong>Vous pouvez d\u00e9sormais envoyer et recevoir des messages depuis Thunderbird : il n&rsquo;y a plus qu&rsquo;\u00e0 proc\u00e9der \u00e0 un test ou deux.<\/strong><\/p>\n","protected":false},"excerpt":{"rendered":"<p>Ce tutoriel permet aux enseignant\u00b7e\u00b7s vacataires et aux \u00e9tudiant\u00b7e\u00b7s souhaitant consulter et envoyer leurs courriels depuis Thunderbird de param\u00e9trer leur &hellip; <a href=\"https:\/\/dri.parisnanterre.fr\/spel\/thunderbird\/\">Lire la suite<\/a><\/p>\n","protected":false},"author":3,"featured_media":0,"parent":0,"menu_order":0,"comment_status":"closed","ping_status":"closed","template":"","meta":{"kt_blocks_editor_width":"","_kad_blocks_custom_css":"","_kad_blocks_head_custom_js":"","_kad_blocks_body_custom_js":"","_kad_blocks_footer_custom_js":"","footnotes":""},"class_list":["post-759","page","type-page","status-publish","hentry"],"taxonomy_info":[],"featured_image_src_large":false,"author_info":{"display_name":"Saidi Aur\u00e9lien","author_link":"https:\/\/dri.parisnanterre.fr\/spel\/author\/asaidi\/"},"comment_info":0,"_links":{"self":[{"href":"https:\/\/dri.parisnanterre.fr\/spel\/wp-json\/wp\/v2\/pages\/759","targetHints":{"allow":["GET"]}}],"collection":[{"href":"https:\/\/dri.parisnanterre.fr\/spel\/wp-json\/wp\/v2\/pages"}],"about":[{"href":"https:\/\/dri.parisnanterre.fr\/spel\/wp-json\/wp\/v2\/types\/page"}],"author":[{"embeddable":true,"href":"https:\/\/dri.parisnanterre.fr\/spel\/wp-json\/wp\/v2\/users\/3"}],"replies":[{"embeddable":true,"href":"https:\/\/dri.parisnanterre.fr\/spel\/wp-json\/wp\/v2\/comments?post=759"}],"version-history":[{"count":45,"href":"https:\/\/dri.parisnanterre.fr\/spel\/wp-json\/wp\/v2\/pages\/759\/revisions"}],"predecessor-version":[{"id":845,"href":"https:\/\/dri.parisnanterre.fr\/spel\/wp-json\/wp\/v2\/pages\/759\/revisions\/845"}],"wp:attachment":[{"href":"https:\/\/dri.parisnanterre.fr\/spel\/wp-json\/wp\/v2\/media?parent=759"}],"curies":[{"name":"wp","href":"https:\/\/api.w.org\/{rel}","templated":true}]}}